{"id":1010,"date":"2023-02-18T23:18:14","date_gmt":"2023-02-18T22:18:14","guid":{"rendered":"https:\/\/www.siv-lessoc.ch\/index.php\/page-daccueil\/"},"modified":"2023-02-19T00:01:14","modified_gmt":"2023-02-18T23:01:14","slug":"page-daccueil","status":"publish","type":"page","link":"https:\/\/www.siv-lessoc.ch\/index.php\/page-daccueil\/","title":{"rendered":"Page d\u2019accueil"},"content":{"rendered":"\n<div class=\"wp-block-cover\"><span aria-hidden=\"true\" class=\"wp-block-cover__background has-background-dim-0 has-background-dim\"><\/span><img decoding=\"async\" class=\"wp-block-cover__image-background wp-image-1011\" alt=\"\" src=\"https:\/\/www.siv-lessoc.ch\/wp-content\/uploads\/2023\/02\/other-small.jpg\" data-object-fit=\"cover\"\/><div class=\"wp-block-cover__inner-container is-layout-flow wp-block-cover-is-layout-flow\">\n<p class=\"has-text-align-center has-white-color has-text-color has-large-font-size\"><\/p>\n\n\n\n<p class=\"has-text-align-center has-white-color has-text-color\"><p class=\"has-text-color has-text-align-center\">Vente de vin \u00e0 l&rsquo;occasion du 75 \u00e8me anniversaire de la Soci\u00e9t\u00e9 de Tir de Lessoc<\/p><\/p>\n\n\n\n<div class=\"wp-block-buttons is-content-justification-center is-layout-flex wp-container-core-buttons-is-layout-16018d1d wp-block-buttons-is-layout-flex\">\n<div class=\"wp-block-button\"><a class=\"wp-block-button__link wp-element-button\" href=\"https:\/\/www.siv-lessoc.ch\/index.php\/boutique\/\">Faire des achats<\/a><\/div>\n<\/div>\n<\/div><\/div>\n\n\n\n<h2 class=\"has-text-align-center wp-block-heading\">Nouveaux produits<\/h2>\n\n\n\n\n","protected":false},"excerpt":{"rendered":"<p>Nouveaux produits<\/p>\n","protected":false},"author":2,"featured_media":0,"parent":0,"menu_order":0,"comment_status":"closed","ping_status":"closed","template":"","meta":{"_uag_custom_page_level_css":"","footnotes":""},"class_list":["post-1010","page","type-page","status-publish","hentry"],"uagb_featured_image_src":{"full":false,"thumbnail":false,"medium":false,"medium_large":false,"large":false,"elegant_blocks_team_1":false,"elegant_blocks_blog_1":false,"elegant_blocks_slider_1":false,"1536x1536":false,"2048x2048":false},"uagb_author_info":{"display_name":"Fran\u00e7ois Both","author_link":"https:\/\/www.siv-lessoc.ch\/index.php\/author\/jules\/"},"uagb_comment_info":0,"uagb_excerpt":"Nouveaux produits","_links":{"self":[{"href":"https:\/\/www.siv-lessoc.ch\/index.php\/wp-json\/wp\/v2\/pages\/1010","targetHints":{"allow":["GET"]}}],"collection":[{"href":"https:\/\/www.siv-lessoc.ch\/index.php\/wp-json\/wp\/v2\/pages"}],"about":[{"href":"https:\/\/www.siv-lessoc.ch\/index.php\/wp-json\/wp\/v2\/types\/page"}],"author":[{"embeddable":true,"href":"https:\/\/www.siv-lessoc.ch\/index.php\/wp-json\/wp\/v2\/users\/2"}],"replies":[{"embeddable":true,"href":"https:\/\/www.siv-lessoc.ch\/index.php\/wp-json\/wp\/v2\/comments?post=1010"}],"version-history":[{"count":3,"href":"https:\/\/www.siv-lessoc.ch\/index.php\/wp-json\/wp\/v2\/pages\/1010\/revisions"}],"predecessor-version":[{"id":1021,"href":"https:\/\/www.siv-lessoc.ch\/index.php\/wp-json\/wp\/v2\/pages\/1010\/revisions\/1021"}],"wp:attachment":[{"href":"https:\/\/www.siv-lessoc.ch\/index.php\/wp-json\/wp\/v2\/media?parent=1010"}],"curies":[{"name":"wp","href":"https:\/\/api.w.org\/{rel}","templated":true}]}}