{"id":606,"date":"2022-08-16T21:51:37","date_gmt":"2022-08-16T19:51:37","guid":{"rendered":"https:\/\/www.siv-lessoc.ch\/?page_id=606"},"modified":"2025-05-11T18:16:17","modified_gmt":"2025-05-11T16:16:17","slug":"photos","status":"publish","type":"page","link":"https:\/\/www.siv-lessoc.ch\/","title":{"rendered":"Actualit\u00e9"},"content":{"rendered":"\n<p class=\"has-large-font-size\"><strong>Mise en consultation du PSEM 2024<\/strong><\/p>\n\n\n\n<div style=\"height:1px\" aria-hidden=\"true\" class=\"wp-block-spacer\"><\/div>\n\n\n\n<p class=\"has-medium-font-size\"> \u00c0 la suite de la mise en consultation du PSEM 2024 et de la soir\u00e9e d\u2019information qui s\u2019est tenue \u00e0 Granvillard en juin dernier, la commission de la SIV a consacr\u00e9 ces derni\u00e8res semaines \u00e0 la r\u00e9daction d&rsquo;une lettre demandant au SeCa de r\u00e9examiner leur \u00e9valuation concernant le classement de la zone des Planbus en zone prioritaire.<\/p>\n\n\n\n<div style=\"height:3px\" aria-hidden=\"true\" class=\"wp-block-spacer\"><\/div>\n\n\n\n<p class=\"has-medium-font-size\">Nous vous invitons \u00e0 t\u00e9l\u00e9charger le document Word ci-dessous et \u00e0 l\u2019adapter avec vos coordonn\u00e9es. Vous pouvez bien entendu modifier les crit\u00e8res mentionn\u00e9s si vous n\u2019\u00eates pas d\u2019accord et ajouter tous les arguments et \u00e9l\u00e9ments que vous jugez n\u00e9cessaires.<\/p>\n\n\n\n<div style=\"height:2px\" aria-hidden=\"true\" class=\"wp-block-spacer\"><\/div>\n\n\n\n<p class=\"has-medium-font-size\">Nous vous encourageons \u00e0 partager ce document avec le plus grand nombre de personnes possible. Plus il y aura de lettres envoy\u00e9es, plus l&rsquo;impact sera significatif.<\/p>\n\n\n\n<div style=\"height:1px\" aria-hidden=\"true\" class=\"wp-block-spacer\"><\/div>\n\n\n\n<p class=\"has-medium-font-size\">Le document peut \u00eatre envoy\u00e9 par courrier postal au SeCA ou par e-mail \u00e0 l&rsquo;adresse suivante : seca@fr.ch. <strong>Le d\u00e9lai est fix\u00e9 au 13 septembre 2024<\/strong>.<\/p>\n\n\n\n<div style=\"height:1px\" aria-hidden=\"true\" class=\"wp-block-spacer\"><\/div>\n\n\n\n<p class=\"has-medium-font-size\">Jean-Pierre Currat et Philippe Galley se tiennent volontiers \u00e0 votre disposition pour vous imprimer le document en cas de besoin. <\/p>\n\n\n\n<div style=\"height:1px\" aria-hidden=\"true\" class=\"wp-block-spacer\"><\/div>\n\n\n\n<div class=\"wp-block-file\"><a id=\"wp-block-file--media-6ddcb8e9-bc9a-4b23-8ae9-3b7c81ffefc8\" href=\"https:\/\/www.siv-lessoc.ch\/wp-content\/uploads\/2024\/08\/Lettre-PSEM-3.docx\">Lettre PSEM<\/a><a href=\"https:\/\/www.siv-lessoc.ch\/wp-content\/uploads\/2024\/08\/Lettre-PSEM-3.docx\" class=\"wp-block-file__button wp-element-button\" download aria-describedby=\"wp-block-file--media-6ddcb8e9-bc9a-4b23-8ae9-3b7c81ffefc8\">T\u00e9l\u00e9charger<\/a><\/div>\n\n\n\n<p><\/p>\n\n\n\n<p><\/p>\n\n\n\n<p><\/p>\n\n\n\n<h2 class=\"wp-block-heading\">Tournoi de chibre 2025 &#8211; <a href=\"https:\/\/www.siv-lessoc.ch\/index.php\/tournoi-de-chibre\/\"><mark style=\"background-color:rgba(0, 0, 0, 0)\" class=\"has-inline-color has-vivid-green-cyan-color\">R\u00e9sultats &#8211; Explications ici<\/mark><\/a><\/h2>\n\n\n\n<p class=\"has-medium-font-size\">F\u00e9licitations aux finalistes 2025! Et merci \u00e0 tous les participants pour cette belle saison de chibre!<\/p>\n\n\n\n<figure class=\"wp-block-image size-large\"><img loading=\"lazy\" decoding=\"async\" width=\"1024\" height=\"1024\" src=\"https:\/\/www.siv-lessoc.ch\/wp-content\/uploads\/2025\/05\/finaliste-2025-1024x1024.jpg\" alt=\"\" class=\"wp-image-1755\" srcset=\"https:\/\/www.siv-lessoc.ch\/wp-content\/uploads\/2025\/05\/finaliste-2025-1024x1024.jpg 1024w, https:\/\/www.siv-lessoc.ch\/wp-content\/uploads\/2025\/05\/finaliste-2025-300x300.jpg 300w, https:\/\/www.siv-lessoc.ch\/wp-content\/uploads\/2025\/05\/finaliste-2025.jpg 2048w\" sizes=\"auto, (max-width: 1024px) 100vw, 1024px\" \/><\/figure>\n","protected":false},"excerpt":{"rendered":"<p>Mise en consultation du PSEM 2024 \u00c0 la suite de la mise en consultation du PSEM 2024 et de la soir\u00e9e d\u2019information qui s\u2019est tenue \u00e0 Granvillard en juin dernier, la commission de la SIV a consacr\u00e9 ces derni\u00e8res semaines \u00e0 la r\u00e9daction d&rsquo;une lettre demandant au SeCa de r\u00e9examiner leur \u00e9valuation concernant le classement [&hellip;]<\/p>\n","protected":false},"author":2,"featured_media":0,"parent":0,"menu_order":0,"comment_status":"closed","ping_status":"closed","template":"","meta":{"_uag_custom_page_level_css":"","footnotes":""},"class_list":["post-606","page","type-page","status-publish","hentry"],"uagb_featured_image_src":{"full":false,"thumbnail":false,"medium":false,"medium_large":false,"large":false,"elegant_blocks_team_1":false,"elegant_blocks_blog_1":false,"elegant_blocks_slider_1":false,"1536x1536":false,"2048x2048":false},"uagb_author_info":{"display_name":"Fran\u00e7ois Both","author_link":"https:\/\/www.siv-lessoc.ch\/index.php\/author\/jules\/"},"uagb_comment_info":0,"uagb_excerpt":"Mise en consultation du PSEM 2024 \u00c0 la suite de la mise en consultation du PSEM 2024 et de la soir\u00e9e d\u2019information qui s\u2019est tenue \u00e0 Granvillard en juin dernier, la commission de la SIV a consacr\u00e9 ces derni\u00e8res semaines \u00e0 la r\u00e9daction d&rsquo;une lettre demandant au SeCa de r\u00e9examiner leur \u00e9valuation concernant le classement\u2026","_links":{"self":[{"href":"https:\/\/www.siv-lessoc.ch\/index.php\/wp-json\/wp\/v2\/pages\/606","targetHints":{"allow":["GET"]}}],"collection":[{"href":"https:\/\/www.siv-lessoc.ch\/index.php\/wp-json\/wp\/v2\/pages"}],"about":[{"href":"https:\/\/www.siv-lessoc.ch\/index.php\/wp-json\/wp\/v2\/types\/page"}],"author":[{"embeddable":true,"href":"https:\/\/www.siv-lessoc.ch\/index.php\/wp-json\/wp\/v2\/users\/2"}],"replies":[{"embeddable":true,"href":"https:\/\/www.siv-lessoc.ch\/index.php\/wp-json\/wp\/v2\/comments?post=606"}],"version-history":[{"count":114,"href":"https:\/\/www.siv-lessoc.ch\/index.php\/wp-json\/wp\/v2\/pages\/606\/revisions"}],"predecessor-version":[{"id":1762,"href":"https:\/\/www.siv-lessoc.ch\/index.php\/wp-json\/wp\/v2\/pages\/606\/revisions\/1762"}],"wp:attachment":[{"href":"https:\/\/www.siv-lessoc.ch\/index.php\/wp-json\/wp\/v2\/media?parent=606"}],"curies":[{"name":"wp","href":"https:\/\/api.w.org\/{rel}","templated":true}]}}