{"id":907,"date":"2022-11-08T20:59:14","date_gmt":"2022-11-08T19:59:14","guid":{"rendered":"https:\/\/www.siv-lessoc.ch\/?page_id=907"},"modified":"2023-02-04T17:19:37","modified_gmt":"2023-02-04T16:19:37","slug":"spectacle-des-ecoles-6-7-juillet-2022","status":"publish","type":"page","link":"https:\/\/www.siv-lessoc.ch\/index.php\/spectacle-des-ecoles-6-7-juillet-2022\/","title":{"rendered":"Spectacle des \u00e9coles, 6-7 juillet 2022"},"content":{"rendered":"\n<p><em>6-7 juillet 2022: aide au spectacle \u00ab&nbsp;Raconte-moi l\u2019Intyamon, des l\u00e9gendes pas comme les autres&nbsp;\u00bb<\/em><\/p>\n\n\n\n<figure class=\"wp-block-gallery has-nested-images columns-default is-cropped wp-block-gallery-1 is-layout-flex wp-block-gallery-is-layout-flex\">\n<figure class=\"wp-block-image size-large\"><img loading=\"lazy\" decoding=\"async\" width=\"1024\" height=\"683\" data-id=\"669\" src=\"https:\/\/www.siv-lessoc.ch\/wp-content\/uploads\/2022\/09\/IMG_5179-1024x683.jpg\" alt=\"\" class=\"wp-image-669\" srcset=\"https:\/\/www.siv-lessoc.ch\/wp-content\/uploads\/2022\/09\/IMG_5179-1024x683.jpg 1024w, https:\/\/www.siv-lessoc.ch\/wp-content\/uploads\/2022\/09\/IMG_5179-scaled-150x100.jpg 150w, https:\/\/www.siv-lessoc.ch\/wp-content\/uploads\/2022\/09\/IMG_5179-scaled-672x448.jpg 672w, https:\/\/www.siv-lessoc.ch\/wp-content\/uploads\/2022\/09\/IMG_5179-300x200.jpg 300w, https:\/\/www.siv-lessoc.ch\/wp-content\/uploads\/2022\/09\/IMG_5179-768x512.jpg 768w\" sizes=\"auto, (max-width: 1024px) 100vw, 1024px\" \/><\/figure>\n\n\n\n<figure class=\"wp-block-image size-large\"><img loading=\"lazy\" decoding=\"async\" width=\"1707\" height=\"2560\" data-id=\"668\" src=\"https:\/\/www.siv-lessoc.ch\/wp-content\/uploads\/2022\/09\/IMG_5155-scaled.jpg\" alt=\"\" class=\"wp-image-668\" srcset=\"https:\/\/www.siv-lessoc.ch\/wp-content\/uploads\/2022\/09\/IMG_5155-scaled.jpg 1707w, https:\/\/www.siv-lessoc.ch\/wp-content\/uploads\/2022\/09\/IMG_5155-scaled-150x225.jpg 150w, https:\/\/www.siv-lessoc.ch\/wp-content\/uploads\/2022\/09\/IMG_5155-scaled-672x1008.jpg 672w, https:\/\/www.siv-lessoc.ch\/wp-content\/uploads\/2022\/09\/IMG_5155-200x300.jpg 200w\" sizes=\"auto, (max-width: 1707px) 100vw, 1707px\" \/><\/figure>\n\n\n\n<figure class=\"wp-block-image size-large\"><img loading=\"lazy\" decoding=\"async\" width=\"1024\" height=\"683\" data-id=\"667\" src=\"https:\/\/www.siv-lessoc.ch\/wp-content\/uploads\/2022\/09\/IMG_5149-1024x683.jpg\" alt=\"\" class=\"wp-image-667\" srcset=\"https:\/\/www.siv-lessoc.ch\/wp-content\/uploads\/2022\/09\/IMG_5149-1024x683.jpg 1024w, https:\/\/www.siv-lessoc.ch\/wp-content\/uploads\/2022\/09\/IMG_5149-scaled-150x100.jpg 150w, https:\/\/www.siv-lessoc.ch\/wp-content\/uploads\/2022\/09\/IMG_5149-scaled-672x448.jpg 672w, https:\/\/www.siv-lessoc.ch\/wp-content\/uploads\/2022\/09\/IMG_5149-300x200.jpg 300w, https:\/\/www.siv-lessoc.ch\/wp-content\/uploads\/2022\/09\/IMG_5149-768x512.jpg 768w\" sizes=\"auto, (max-width: 1024px) 100vw, 1024px\" \/><\/figure>\n\n\n\n<figure class=\"wp-block-image size-large\"><img loading=\"lazy\" decoding=\"async\" width=\"1024\" height=\"683\" data-id=\"662\" src=\"https:\/\/www.siv-lessoc.ch\/wp-content\/uploads\/2022\/09\/IMG_5198-1-1024x683.jpg\" alt=\"\" class=\"wp-image-662\" srcset=\"https:\/\/www.siv-lessoc.ch\/wp-content\/uploads\/2022\/09\/IMG_5198-1-1024x683.jpg 1024w, https:\/\/www.siv-lessoc.ch\/wp-content\/uploads\/2022\/09\/IMG_5198-1-scaled-150x100.jpg 150w, https:\/\/www.siv-lessoc.ch\/wp-content\/uploads\/2022\/09\/IMG_5198-1-scaled-672x448.jpg 672w, https:\/\/www.siv-lessoc.ch\/wp-content\/uploads\/2022\/09\/IMG_5198-1-300x200.jpg 300w, https:\/\/www.siv-lessoc.ch\/wp-content\/uploads\/2022\/09\/IMG_5198-1-768x512.jpg 768w\" sizes=\"auto, (max-width: 1024px) 100vw, 1024px\" \/><\/figure>\n\n\n\n<figure class=\"wp-block-image size-large\"><img loading=\"lazy\" decoding=\"async\" width=\"1707\" height=\"2560\" data-id=\"661\" src=\"https:\/\/www.siv-lessoc.ch\/wp-content\/uploads\/2022\/09\/IMG_5219-scaled.jpg\" alt=\"\" class=\"wp-image-661\" srcset=\"https:\/\/www.siv-lessoc.ch\/wp-content\/uploads\/2022\/09\/IMG_5219-scaled.jpg 1707w, https:\/\/www.siv-lessoc.ch\/wp-content\/uploads\/2022\/09\/IMG_5219-scaled-150x225.jpg 150w, https:\/\/www.siv-lessoc.ch\/wp-content\/uploads\/2022\/09\/IMG_5219-scaled-672x1008.jpg 672w, https:\/\/www.siv-lessoc.ch\/wp-content\/uploads\/2022\/09\/IMG_5219-200x300.jpg 200w\" sizes=\"auto, (max-width: 1707px) 100vw, 1707px\" \/><\/figure>\n\n\n\n<figure class=\"wp-block-image size-large\"><img loading=\"lazy\" decoding=\"async\" width=\"1024\" height=\"683\" data-id=\"660\" src=\"https:\/\/www.siv-lessoc.ch\/wp-content\/uploads\/2022\/09\/IMG_5224-1024x683.jpg\" alt=\"\" class=\"wp-image-660\" srcset=\"https:\/\/www.siv-lessoc.ch\/wp-content\/uploads\/2022\/09\/IMG_5224-1024x683.jpg 1024w, https:\/\/www.siv-lessoc.ch\/wp-content\/uploads\/2022\/09\/IMG_5224-scaled-150x100.jpg 150w, https:\/\/www.siv-lessoc.ch\/wp-content\/uploads\/2022\/09\/IMG_5224-scaled-672x448.jpg 672w, https:\/\/www.siv-lessoc.ch\/wp-content\/uploads\/2022\/09\/IMG_5224-300x200.jpg 300w, https:\/\/www.siv-lessoc.ch\/wp-content\/uploads\/2022\/09\/IMG_5224-768x512.jpg 768w\" sizes=\"auto, (max-width: 1024px) 100vw, 1024px\" \/><\/figure>\n\n\n\n<figure class=\"wp-block-image size-large\"><img loading=\"lazy\" decoding=\"async\" width=\"1024\" height=\"683\" data-id=\"659\" src=\"https:\/\/www.siv-lessoc.ch\/wp-content\/uploads\/2022\/09\/IMG_5198-1024x683.jpg\" alt=\"\" class=\"wp-image-659\" srcset=\"https:\/\/www.siv-lessoc.ch\/wp-content\/uploads\/2022\/09\/IMG_5198-1024x683.jpg 1024w, https:\/\/www.siv-lessoc.ch\/wp-content\/uploads\/2022\/09\/IMG_5198-scaled-150x100.jpg 150w, https:\/\/www.siv-lessoc.ch\/wp-content\/uploads\/2022\/09\/IMG_5198-scaled-672x448.jpg 672w, https:\/\/www.siv-lessoc.ch\/wp-content\/uploads\/2022\/09\/IMG_5198-300x200.jpg 300w, https:\/\/www.siv-lessoc.ch\/wp-content\/uploads\/2022\/09\/IMG_5198-768x512.jpg 768w\" sizes=\"auto, (max-width: 1024px) 100vw, 1024px\" \/><\/figure>\n\n\n\n<figure class=\"wp-block-image size-large\"><img loading=\"lazy\" decoding=\"async\" width=\"1707\" height=\"2560\" data-id=\"657\" src=\"https:\/\/www.siv-lessoc.ch\/wp-content\/uploads\/2022\/09\/IMG_5193-scaled.jpg\" alt=\"\" class=\"wp-image-657\" srcset=\"https:\/\/www.siv-lessoc.ch\/wp-content\/uploads\/2022\/09\/IMG_5193-scaled.jpg 1707w, https:\/\/www.siv-lessoc.ch\/wp-content\/uploads\/2022\/09\/IMG_5193-scaled-150x225.jpg 150w, https:\/\/www.siv-lessoc.ch\/wp-content\/uploads\/2022\/09\/IMG_5193-scaled-672x1008.jpg 672w, https:\/\/www.siv-lessoc.ch\/wp-content\/uploads\/2022\/09\/IMG_5193-200x300.jpg 200w\" sizes=\"auto, (max-width: 1707px) 100vw, 1707px\" \/><\/figure>\n\n\n\n<figure class=\"wp-block-image size-large\"><img loading=\"lazy\" decoding=\"async\" width=\"1024\" height=\"683\" data-id=\"656\" src=\"https:\/\/www.siv-lessoc.ch\/wp-content\/uploads\/2022\/09\/IMG_5090-1024x683.jpg\" alt=\"\" class=\"wp-image-656\" srcset=\"https:\/\/www.siv-lessoc.ch\/wp-content\/uploads\/2022\/09\/IMG_5090-1024x683.jpg 1024w, https:\/\/www.siv-lessoc.ch\/wp-content\/uploads\/2022\/09\/IMG_5090-scaled-150x100.jpg 150w, https:\/\/www.siv-lessoc.ch\/wp-content\/uploads\/2022\/09\/IMG_5090-scaled-672x448.jpg 672w, https:\/\/www.siv-lessoc.ch\/wp-content\/uploads\/2022\/09\/IMG_5090-300x200.jpg 300w, https:\/\/www.siv-lessoc.ch\/wp-content\/uploads\/2022\/09\/IMG_5090-768x512.jpg 768w\" sizes=\"auto, (max-width: 1024px) 100vw, 1024px\" \/><\/figure>\n\n\n\n<figure class=\"wp-block-image size-large\"><img loading=\"lazy\" decoding=\"async\" width=\"1024\" height=\"683\" data-id=\"658\" src=\"https:\/\/www.siv-lessoc.ch\/wp-content\/uploads\/2022\/09\/IMG_5195-1024x683.jpg\" alt=\"\" class=\"wp-image-658\"\/><\/figure>\n\n\n\n<figure class=\"wp-block-image size-large\"><img loading=\"lazy\" decoding=\"async\" width=\"1024\" height=\"683\" data-id=\"655\" src=\"https:\/\/www.siv-lessoc.ch\/wp-content\/uploads\/2022\/09\/IMG_5050-1-1024x683.jpg\" alt=\"\" class=\"wp-image-655\" srcset=\"https:\/\/www.siv-lessoc.ch\/wp-content\/uploads\/2022\/09\/IMG_5050-1-1024x683.jpg 1024w, https:\/\/www.siv-lessoc.ch\/wp-content\/uploads\/2022\/09\/IMG_5050-1-scaled-150x100.jpg 150w, https:\/\/www.siv-lessoc.ch\/wp-content\/uploads\/2022\/09\/IMG_5050-1-scaled-672x448.jpg 672w, https:\/\/www.siv-lessoc.ch\/wp-content\/uploads\/2022\/09\/IMG_5050-1-300x200.jpg 300w, https:\/\/www.siv-lessoc.ch\/wp-content\/uploads\/2022\/09\/IMG_5050-1-768x512.jpg 768w\" sizes=\"auto, (max-width: 1024px) 100vw, 1024px\" \/><\/figure>\n\n\n\n<figure class=\"wp-block-image size-large\"><img loading=\"lazy\" decoding=\"async\" width=\"1024\" height=\"768\" data-id=\"647\" src=\"https:\/\/www.siv-lessoc.ch\/wp-content\/uploads\/2022\/09\/fontaine_2-1024x768.jpg\" alt=\"\" class=\"wp-image-647\" srcset=\"https:\/\/www.siv-lessoc.ch\/wp-content\/uploads\/2022\/09\/fontaine_2-1024x768.jpg 1024w, https:\/\/www.siv-lessoc.ch\/wp-content\/uploads\/2022\/09\/fontaine_2-150x113.jpg 150w, https:\/\/www.siv-lessoc.ch\/wp-content\/uploads\/2022\/09\/fontaine_2-672x504.jpg 672w, https:\/\/www.siv-lessoc.ch\/wp-content\/uploads\/2022\/09\/fontaine_2-300x225.jpg 300w, https:\/\/www.siv-lessoc.ch\/wp-content\/uploads\/2022\/09\/fontaine_2-768x576.jpg 768w, https:\/\/www.siv-lessoc.ch\/wp-content\/uploads\/2022\/09\/fontaine_2.jpg 1280w\" sizes=\"auto, (max-width: 1024px) 100vw, 1024px\" \/><\/figure>\n\n\n\n<figure class=\"wp-block-image size-large\"><img loading=\"lazy\" decoding=\"async\" width=\"2560\" height=\"1707\" data-id=\"648\" src=\"https:\/\/www.siv-lessoc.ch\/wp-content\/uploads\/2022\/09\/IMG_5174-scaled.jpg\" alt=\"\" class=\"wp-image-648\" srcset=\"https:\/\/www.siv-lessoc.ch\/wp-content\/uploads\/2022\/09\/IMG_5174-scaled.jpg 2560w, https:\/\/www.siv-lessoc.ch\/wp-content\/uploads\/2022\/09\/IMG_5174-scaled-150x100.jpg 150w, https:\/\/www.siv-lessoc.ch\/wp-content\/uploads\/2022\/09\/IMG_5174-scaled-672x448.jpg 672w, https:\/\/www.siv-lessoc.ch\/wp-content\/uploads\/2022\/09\/IMG_5174-300x200.jpg 300w\" sizes=\"auto, (max-width: 2560px) 100vw, 2560px\" \/><\/figure>\n\n\n\n<figure class=\"wp-block-image size-large\"><img loading=\"lazy\" decoding=\"async\" width=\"1024\" height=\"768\" data-id=\"650\" src=\"https:\/\/www.siv-lessoc.ch\/wp-content\/uploads\/2022\/09\/fontaine_4-1024x768.jpg\" alt=\"\" class=\"wp-image-650\" srcset=\"https:\/\/www.siv-lessoc.ch\/wp-content\/uploads\/2022\/09\/fontaine_4-1024x768.jpg 1024w, https:\/\/www.siv-lessoc.ch\/wp-content\/uploads\/2022\/09\/fontaine_4-150x113.jpg 150w, https:\/\/www.siv-lessoc.ch\/wp-content\/uploads\/2022\/09\/fontaine_4-672x504.jpg 672w, https:\/\/www.siv-lessoc.ch\/wp-content\/uploads\/2022\/09\/fontaine_4-300x225.jpg 300w, https:\/\/www.siv-lessoc.ch\/wp-content\/uploads\/2022\/09\/fontaine_4-768x576.jpg 768w, https:\/\/www.siv-lessoc.ch\/wp-content\/uploads\/2022\/09\/fontaine_4.jpg 1280w\" sizes=\"auto, (max-width: 1024px) 100vw, 1024px\" \/><\/figure>\n\n\n\n<figure class=\"wp-block-image size-large\"><img loading=\"lazy\" decoding=\"async\" width=\"2560\" height=\"1707\" data-id=\"651\" src=\"https:\/\/www.siv-lessoc.ch\/wp-content\/uploads\/2022\/09\/IMG_5054-1-scaled.jpg\" alt=\"\" class=\"wp-image-651\" srcset=\"https:\/\/www.siv-lessoc.ch\/wp-content\/uploads\/2022\/09\/IMG_5054-1-scaled.jpg 2560w, https:\/\/www.siv-lessoc.ch\/wp-content\/uploads\/2022\/09\/IMG_5054-1-scaled-150x100.jpg 150w, https:\/\/www.siv-lessoc.ch\/wp-content\/uploads\/2022\/09\/IMG_5054-1-scaled-672x448.jpg 672w, https:\/\/www.siv-lessoc.ch\/wp-content\/uploads\/2022\/09\/IMG_5054-1-300x200.jpg 300w\" sizes=\"auto, (max-width: 2560px) 100vw, 2560px\" \/><\/figure>\n\n\n\n<figure class=\"wp-block-image size-large\"><img loading=\"lazy\" decoding=\"async\" width=\"1024\" height=\"768\" data-id=\"654\" src=\"https:\/\/www.siv-lessoc.ch\/wp-content\/uploads\/2022\/09\/fontaine_1-1-1024x768.jpg\" alt=\"\" class=\"wp-image-654\" srcset=\"https:\/\/www.siv-lessoc.ch\/wp-content\/uploads\/2022\/09\/fontaine_1-1-1024x768.jpg 1024w, https:\/\/www.siv-lessoc.ch\/wp-content\/uploads\/2022\/09\/fontaine_1-1-150x113.jpg 150w, https:\/\/www.siv-lessoc.ch\/wp-content\/uploads\/2022\/09\/fontaine_1-1-672x504.jpg 672w, https:\/\/www.siv-lessoc.ch\/wp-content\/uploads\/2022\/09\/fontaine_1-1-300x225.jpg 300w, https:\/\/www.siv-lessoc.ch\/wp-content\/uploads\/2022\/09\/fontaine_1-1-768x576.jpg 768w, https:\/\/www.siv-lessoc.ch\/wp-content\/uploads\/2022\/09\/fontaine_1-1.jpg 1280w\" sizes=\"auto, (max-width: 1024px) 100vw, 1024px\" \/><\/figure>\n<\/figure>\n\n\n\n<p>Des journ\u00e9es pleines d&rsquo;\u00e9motions et de joies. S\u00fbr que les \u00e9coliers en garderont un souvenir lumineux!<\/p>\n","protected":false},"excerpt":{"rendered":"<p>6-7 juillet 2022: aide au spectacle \u00ab&nbsp;Raconte-moi l\u2019Intyamon, des l\u00e9gendes pas comme les autres&nbsp;\u00bb Des journ\u00e9es pleines d&rsquo;\u00e9motions et de joies. S\u00fbr que les \u00e9coliers en garderont un souvenir lumineux!<\/p>\n","protected":false},"author":2,"featured_media":0,"parent":0,"menu_order":0,"comment_status":"closed","ping_status":"closed","template":"","meta":{"_uag_custom_page_level_css":"","footnotes":""},"class_list":["post-907","page","type-page","status-publish","hentry"],"uagb_featured_image_src":{"full":false,"thumbnail":false,"medium":false,"medium_large":false,"large":false,"elegant_blocks_team_1":false,"elegant_blocks_blog_1":false,"elegant_blocks_slider_1":false,"1536x1536":false,"2048x2048":false},"uagb_author_info":{"display_name":"Fran\u00e7ois Both","author_link":"https:\/\/www.siv-lessoc.ch\/index.php\/author\/jules\/"},"uagb_comment_info":0,"uagb_excerpt":"6-7 juillet 2022: aide au spectacle \u00ab&nbsp;Raconte-moi l\u2019Intyamon, des l\u00e9gendes pas comme les autres&nbsp;\u00bb Des journ\u00e9es pleines d&rsquo;\u00e9motions et de joies. S\u00fbr que les \u00e9coliers en garderont un souvenir lumineux!","_links":{"self":[{"href":"https:\/\/www.siv-lessoc.ch\/index.php\/wp-json\/wp\/v2\/pages\/907","targetHints":{"allow":["GET"]}}],"collection":[{"href":"https:\/\/www.siv-lessoc.ch\/index.php\/wp-json\/wp\/v2\/pages"}],"about":[{"href":"https:\/\/www.siv-lessoc.ch\/index.php\/wp-json\/wp\/v2\/types\/page"}],"author":[{"embeddable":true,"href":"https:\/\/www.siv-lessoc.ch\/index.php\/wp-json\/wp\/v2\/users\/2"}],"replies":[{"embeddable":true,"href":"https:\/\/www.siv-lessoc.ch\/index.php\/wp-json\/wp\/v2\/comments?post=907"}],"version-history":[{"count":5,"href":"https:\/\/www.siv-lessoc.ch\/index.php\/wp-json\/wp\/v2\/pages\/907\/revisions"}],"predecessor-version":[{"id":975,"href":"https:\/\/www.siv-lessoc.ch\/index.php\/wp-json\/wp\/v2\/pages\/907\/revisions\/975"}],"wp:attachment":[{"href":"https:\/\/www.siv-lessoc.ch\/index.php\/wp-json\/wp\/v2\/media?parent=907"}],"curies":[{"name":"wp","href":"https:\/\/api.w.org\/{rel}","templated":true}]}}